{"id":23,"date":"2014-06-25T11:11:10","date_gmt":"2014-06-25T11:11:10","guid":{"rendered":"http:\/\/vgmedienpool.de\/?page_id=23"},"modified":"2026-01-09T11:41:16","modified_gmt":"2026-01-09T11:41:16","slug":"termine","status":"publish","type":"page","link":"https:\/\/vgmedienpool.de\/?page_id=23","title":{"rendered":""},"content":{"rendered":"\n<p class=\"has-text-align-center has-text-color\" style=\"color:#4b999b\"><strong>B\u00fccher | Magazine<br>Texte | Design<br>books | magazines<br>content | design<\/strong><\/p>\n\n\n\n<p style=\"font-size:14px\">Aufgrund von strengen Urheberrechts-Gesetzen und dem Bestreben einiger Juristen, Arbeitsbeispiele mit Unterlassungserkl\u00e4rungen und Strafen zu ahnden, sehe ich mich gehalten, hier nur einen minimalen Ausschnitt aus vielen Jahren als Autorin, Redakteurin und Print-Designerin zeigen zu k\u00f6nnen. Arbeiten \u00fcber 2020 hinaus sind nicht mehr ver\u00f6ffentlicht. Vielen Dank f\u00fcr Ihr Verst\u00e4ndnis, f\u00fcr mehr Informationen sprechen Sie mich gern an. <\/p>\n\n\n\n<p style=\"font-size:14px\">Due to strict copyright laws and the efforts of some lawyers to punish examples of my work with cease-and-desist letters and fines, I feel obliged to show here only a minimal excerpt from many years as an author, editor and print designer. Work after 2020 are not displayed here. Thank you for your understanding. For more information please contact me.<\/p>\n\n\n\n<div class=\"wp-block-group is-layout-flow\"><div class=\"wp-block-group__inner-container\">\n<figure class=\"wp-block-gallery has-nested-images columns-default is-cropped wp-block-gallery-1 is-layout-flex\">\n<figure class=\"wp-block-image size-large\"><a href=\"https:\/\/vgmedienpool.de\/wp-content\/uploads\/2026\/01\/Logo_mit_Coverbeispiel.png\"><img decoding=\"async\" loading=\"lazy\" width=\"717\" height=\"1024\" src=\"https:\/\/vgmedienpool.de\/wp-content\/uploads\/2026\/01\/Logo_mit_Coverbeispiel-717x1024.png\" alt=\"\" class=\"wp-image-1337\" srcset=\"https:\/\/vgmedienpool.de\/wp-content\/uploads\/2026\/01\/Logo_mit_Coverbeispiel-717x1024.png 717w, https:\/\/vgmedienpool.de\/wp-content\/uploads\/2026\/01\/Logo_mit_Coverbeispiel-210x300.png 210w, https:\/\/vgmedienpool.de\/wp-content\/uploads\/2026\/01\/Logo_mit_Coverbeispiel-768x1097.png 768w, https:\/\/vgmedienpool.de\/wp-content\/uploads\/2026\/01\/Logo_mit_Coverbeispiel.png 1042w\" sizes=\"(max-width: 717px) 100vw, 717px\" \/><\/a><figcaption class=\"wp-element-caption\">Magazin Milit\u00e4r&amp;Milchkaffee, 2026<\/figcaption><\/figure>\n\n\n\n<figure class=\"wp-block-image size-large\"><a href=\"https:\/\/vgmedienpool.de\/wp-content\/uploads\/2026\/01\/BildKunstBw-3.png\"><img decoding=\"async\" loading=\"lazy\" width=\"1024\" height=\"684\" src=\"https:\/\/vgmedienpool.de\/wp-content\/uploads\/2026\/01\/BildKunstBw-3-1024x684.png\" alt=\"\" class=\"wp-image-1345\" srcset=\"https:\/\/vgmedienpool.de\/wp-content\/uploads\/2026\/01\/BildKunstBw-3-1024x684.png 1024w, https:\/\/vgmedienpool.de\/wp-content\/uploads\/2026\/01\/BildKunstBw-3-300x200.png 300w, https:\/\/vgmedienpool.de\/wp-content\/uploads\/2026\/01\/BildKunstBw-3-768x513.png 768w, https:\/\/vgmedienpool.de\/wp-content\/uploads\/2026\/01\/BildKunstBw-3.png 1032w\" sizes=\"(max-width: 1024px) 100vw, 1024px\" \/><\/a><figcaption class=\"wp-element-caption\">Bundeswehr \/ loyal, 2026<\/figcaption><\/figure>\n\n\n\n<figure class=\"wp-block-image size-large\"><a href=\"https:\/\/vgmedienpool.de\/wp-content\/uploads\/2026\/01\/IMG_4697.jpg\"><img decoding=\"async\" loading=\"lazy\" width=\"1024\" height=\"768\" src=\"https:\/\/vgmedienpool.de\/wp-content\/uploads\/2026\/01\/IMG_4697-1024x768.jpg\" alt=\"\" class=\"wp-image-1355\" srcset=\"https:\/\/vgmedienpool.de\/wp-content\/uploads\/2026\/01\/IMG_4697-1024x768.jpg 1024w, https:\/\/vgmedienpool.de\/wp-content\/uploads\/2026\/01\/IMG_4697-300x225.jpg 300w, https:\/\/vgmedienpool.de\/wp-content\/uploads\/2026\/01\/IMG_4697-768x576.jpg 768w, https:\/\/vgmedienpool.de\/wp-content\/uploads\/2026\/01\/IMG_4697-1536x1152.jpg 1536w, https:\/\/vgmedienpool.de\/wp-content\/uploads\/2026\/01\/IMG_4697.jpg 2016w\" sizes=\"(max-width: 1024px) 100vw, 1024px\" \/><\/a><figcaption class=\"wp-element-caption\">Bundeswehr \/ loyal, 2025<\/figcaption><\/figure>\n\n\n\n<figure class=\"wp-block-image size-large\"><a href=\"https:\/\/vgmedienpool.de\/wp-content\/uploads\/2026\/01\/Bildschirmfoto-2024-12-01-um-17.32.31-1.png\"><img decoding=\"async\" loading=\"lazy\" width=\"1024\" height=\"797\" src=\"https:\/\/vgmedienpool.de\/wp-content\/uploads\/2026\/01\/Bildschirmfoto-2024-12-01-um-17.32.31-1-1024x797.png\" alt=\"\" class=\"wp-image-1329\" srcset=\"https:\/\/vgmedienpool.de\/wp-content\/uploads\/2026\/01\/Bildschirmfoto-2024-12-01-um-17.32.31-1-1024x797.png 1024w, https:\/\/vgmedienpool.de\/wp-content\/uploads\/2026\/01\/Bildschirmfoto-2024-12-01-um-17.32.31-1-300x234.png 300w, https:\/\/vgmedienpool.de\/wp-content\/uploads\/2026\/01\/Bildschirmfoto-2024-12-01-um-17.32.31-1-768x598.png 768w, https:\/\/vgmedienpool.de\/wp-content\/uploads\/2026\/01\/Bildschirmfoto-2024-12-01-um-17.32.31-1-1536x1196.png 1536w, https:\/\/vgmedienpool.de\/wp-content\/uploads\/2026\/01\/Bildschirmfoto-2024-12-01-um-17.32.31-1.png 1988w\" sizes=\"(max-width: 1024px) 100vw, 1024px\" \/><\/a><figcaption class=\"wp-element-caption\">CyberKrimi \/ 2025<\/figcaption><\/figure>\n\n\n\n<figure class=\"wp-block-image size-large\"><a href=\"https:\/\/vgmedienpool.de\/wp-content\/uploads\/2026\/01\/Bildschirmfoto-2026-01-09-um-10.27.11-1.png\"><img decoding=\"async\" loading=\"lazy\" width=\"513\" height=\"676\" src=\"https:\/\/vgmedienpool.de\/wp-content\/uploads\/2026\/01\/Bildschirmfoto-2026-01-09-um-10.27.11-1.png\" alt=\"\" class=\"wp-image-1361\" srcset=\"https:\/\/vgmedienpool.de\/wp-content\/uploads\/2026\/01\/Bildschirmfoto-2026-01-09-um-10.27.11-1.png 513w, https:\/\/vgmedienpool.de\/wp-content\/uploads\/2026\/01\/Bildschirmfoto-2026-01-09-um-10.27.11-1-228x300.png 228w\" sizes=\"(max-width: 513px) 100vw, 513px\" \/><\/a><figcaption class=\"wp-element-caption\">VBI-Magazin \/ Ingenium, 2025<\/figcaption><\/figure>\n<\/figure>\n\n\n\n<p><\/p>\n<\/div><\/div>\n\n\n\n<figure class=\"wp-block-gallery has-nested-images columns-default is-cropped wp-block-gallery-4 is-layout-flex\">\n<figure class=\"wp-block-image size-large is-resized\"><a href=\"https:\/\/vgmedienpool.de\/wp-content\/uploads\/2024\/08\/CoverAusgespa\u0308ht.png\"><img decoding=\"async\" loading=\"lazy\" data-id=\"1314\"  src=\"https:\/\/vgmedienpool.de\/wp-content\/uploads\/2024\/08\/CoverAusgespa\u0308ht-1024x723.png\" alt=\"\" class=\"wp-image-1314\" width=\"221\" height=\"156\" srcset=\"https:\/\/vgmedienpool.de\/wp-content\/uploads\/2024\/08\/CoverAusgespa\u0308ht-1024x723.png 1024w, https:\/\/vgmedienpool.de\/wp-content\/uploads\/2024\/08\/CoverAusgespa\u0308ht-300x212.png 300w, https:\/\/vgmedienpool.de\/wp-content\/uploads\/2024\/08\/CoverAusgespa\u0308ht-768x542.png 768w, https:\/\/vgmedienpool.de\/wp-content\/uploads\/2024\/08\/CoverAusgespa\u0308ht-1536x1085.png 1536w, https:\/\/vgmedienpool.de\/wp-content\/uploads\/2024\/08\/CoverAusgespa\u0308ht.png 1886w\" sizes=\"(max-width: 221px) 100vw, 221px\" \/><\/a><figcaption class=\"wp-element-caption\">Schriftenreihe Hybride Gefahren,<br>Band 1, Ausgesp\u00e4ht, 2024<\/figcaption><\/figure>\n\n\n\n<figure class=\"wp-block-image size-large\"><a href=\"https:\/\/vgmedienpool.de\/wp-content\/uploads\/2024\/08\/Bw-im-Film-3.png\"><img decoding=\"async\" loading=\"lazy\" width=\"1024\" height=\"690\" data-id=\"1317\"  src=\"https:\/\/vgmedienpool.de\/wp-content\/uploads\/2024\/08\/Bw-im-Film-3-1024x690.png\" alt=\"\" class=\"wp-image-1317\" srcset=\"https:\/\/vgmedienpool.de\/wp-content\/uploads\/2024\/08\/Bw-im-Film-3-1024x690.png 1024w, https:\/\/vgmedienpool.de\/wp-content\/uploads\/2024\/08\/Bw-im-Film-3-300x202.png 300w, https:\/\/vgmedienpool.de\/wp-content\/uploads\/2024\/08\/Bw-im-Film-3-768x518.png 768w, https:\/\/vgmedienpool.de\/wp-content\/uploads\/2024\/08\/Bw-im-Film-3-1536x1035.png 1536w, https:\/\/vgmedienpool.de\/wp-content\/uploads\/2024\/08\/Bw-im-Film-3.png 1920w\" sizes=\"(max-width: 1024px) 100vw, 1024px\" \/><\/a><figcaption class=\"wp-element-caption\">Bundeswehr \/ loyal, 2023<\/figcaption><\/figure>\n\n\n\n<figure class=\"wp-block-image size-large\"><a href=\"https:\/\/vgmedienpool.de\/wp-content\/uploads\/2024\/08\/Loyal062022-3.png\"><img decoding=\"async\" loading=\"lazy\" width=\"1024\" height=\"665\" data-id=\"1316\"  src=\"https:\/\/vgmedienpool.de\/wp-content\/uploads\/2024\/08\/Loyal062022-3-1024x665.png\" alt=\"\" class=\"wp-image-1316\" srcset=\"https:\/\/vgmedienpool.de\/wp-content\/uploads\/2024\/08\/Loyal062022-3-1024x665.png 1024w, https:\/\/vgmedienpool.de\/wp-content\/uploads\/2024\/08\/Loyal062022-3-300x195.png 300w, https:\/\/vgmedienpool.de\/wp-content\/uploads\/2024\/08\/Loyal062022-3-768x499.png 768w, https:\/\/vgmedienpool.de\/wp-content\/uploads\/2024\/08\/Loyal062022-3-1536x998.png 1536w, https:\/\/vgmedienpool.de\/wp-content\/uploads\/2024\/08\/Loyal062022-3-2048x1331.png 2048w\" sizes=\"(max-width: 1024px) 100vw, 1024px\" \/><\/a><figcaption class=\"wp-element-caption\">Bundeswehr \/ loyal, 2022<\/figcaption><\/figure>\n<figcaption class=\"blocks-gallery-caption wp-element-caption\"><br><\/figcaption><\/figure>\n\n\n\n<figure class=\"wp-block-gallery has-nested-images columns-5 is-cropped wp-block-gallery-6 is-layout-flex\">\n<figure class=\"wp-block-image\"><img decoding=\"async\" loading=\"lazy\" width=\"198\" height=\"201\" data-id=\"706\"  src=\"https:\/\/vgmedienpool.de\/wp-content\/uploads\/2014\/06\/Bildschirmfoto-2019-09-12-um-13.42.12.png\" alt=\"\" class=\"wp-image-706\"\/><figcaption class=\"wp-element-caption\">Autorin: Vivian, 2019\/20<\/figcaption><\/figure>\n\n\n\n<figure class=\"wp-block-image\"><img decoding=\"async\" loading=\"lazy\" width=\"631\" height=\"1024\" data-id=\"816\"  src=\"https:\/\/vgmedienpool.de\/wp-content\/uploads\/2020\/03\/SDCoverAma-631x1024.jpg\" alt=\"\" class=\"wp-image-816\" srcset=\"https:\/\/vgmedienpool.de\/wp-content\/uploads\/2020\/03\/SDCoverAma-631x1024.jpg 631w, https:\/\/vgmedienpool.de\/wp-content\/uploads\/2020\/03\/SDCoverAma-185x300.jpg 185w, https:\/\/vgmedienpool.de\/wp-content\/uploads\/2020\/03\/SDCoverAma-768x1246.jpg 768w, https:\/\/vgmedienpool.de\/wp-content\/uploads\/2020\/03\/SDCoverAma-947x1536.jpg 947w, https:\/\/vgmedienpool.de\/wp-content\/uploads\/2020\/03\/SDCoverAma-1262x2048.jpg 1262w, https:\/\/vgmedienpool.de\/wp-content\/uploads\/2020\/03\/SDCoverAma.jpg 1284w\" sizes=\"(max-width: 631px) 100vw, 631px\" \/><figcaption class=\"wp-element-caption\">Autorin: Vivian, 2020<\/figcaption><\/figure>\n\n\n\n<figure class=\"wp-block-image\"><img decoding=\"async\" loading=\"lazy\" width=\"515\" height=\"732\" data-id=\"426\"  src=\"https:\/\/vgmedienpool.de\/wp-content\/uploads\/2014\/06\/Booklet-Kriminaltango-2016.png\" alt=\"\" class=\"wp-image-426\" srcset=\"https:\/\/vgmedienpool.de\/wp-content\/uploads\/2014\/06\/Booklet-Kriminaltango-2016.png 515w, https:\/\/vgmedienpool.de\/wp-content\/uploads\/2014\/06\/Booklet-Kriminaltango-2016-211x300.png 211w\" sizes=\"(max-width: 515px) 100vw, 515px\" \/><figcaption class=\"wp-element-caption\">Autorin: Vivian, 2016<\/figcaption><\/figure>\n\n\n\n<figure class=\"wp-block-image\"><img decoding=\"async\" loading=\"lazy\" width=\"480\" height=\"640\" data-id=\"497\"  src=\"https:\/\/vgmedienpool.de\/wp-content\/uploads\/2014\/06\/HKohl_Buch2017-e1501665130340.jpg\" alt=\"\" class=\"wp-image-497\" srcset=\"https:\/\/vgmedienpool.de\/wp-content\/uploads\/2014\/06\/HKohl_Buch2017-e1501665130340.jpg 480w, https:\/\/vgmedienpool.de\/wp-content\/uploads\/2014\/06\/HKohl_Buch2017-e1501665130340-225x300.jpg 225w\" sizes=\"(max-width: 480px) 100vw, 480px\" \/><figcaption class=\"wp-element-caption\">Design, 2017<\/figcaption><\/figure>\n\n\n\n<figure class=\"wp-block-image\"><img decoding=\"async\" loading=\"lazy\" width=\"275\" height=\"363\" data-id=\"554\"  src=\"https:\/\/vgmedienpool.de\/wp-content\/uploads\/2014\/06\/Chronik2017.png\" alt=\"\" class=\"wp-image-554\" srcset=\"https:\/\/vgmedienpool.de\/wp-content\/uploads\/2014\/06\/Chronik2017.png 275w, https:\/\/vgmedienpool.de\/wp-content\/uploads\/2014\/06\/Chronik2017-227x300.png 227w\" sizes=\"(max-width: 275px) 100vw, 275px\" \/><figcaption class=\"wp-element-caption\">Design &amp; Text, 2017<\/figcaption><\/figure>\n\n\n\n<figure class=\"wp-block-image\"><img decoding=\"async\" loading=\"lazy\" width=\"425\" height=\"284\" data-id=\"438\"  src=\"https:\/\/vgmedienpool.de\/wp-content\/uploads\/2014\/06\/Housetier1.jpg\" alt=\"\" class=\"wp-image-438\" srcset=\"https:\/\/vgmedienpool.de\/wp-content\/uploads\/2014\/06\/Housetier1.jpg 425w, https:\/\/vgmedienpool.de\/wp-content\/uploads\/2014\/06\/Housetier1-300x200.jpg 300w\" sizes=\"(max-width: 425px) 100vw, 425px\" \/><figcaption class=\"wp-element-caption\">Design &amp; Headline, 2016<\/figcaption><\/figure>\n\n\n\n<figure class=\"wp-block-image\"><img decoding=\"async\" loading=\"lazy\" width=\"425\" height=\"284\" data-id=\"437\"  src=\"https:\/\/vgmedienpool.de\/wp-content\/uploads\/2014\/06\/tee1.jpg\" alt=\"\" class=\"wp-image-437\" srcset=\"https:\/\/vgmedienpool.de\/wp-content\/uploads\/2014\/06\/tee1.jpg 425w, https:\/\/vgmedienpool.de\/wp-content\/uploads\/2014\/06\/tee1-300x200.jpg 300w\" sizes=\"(max-width: 425px) 100vw, 425px\" \/><figcaption class=\"wp-element-caption\">Design &amp; Headline, 2016<\/figcaption><\/figure>\n\n\n\n<figure class=\"wp-block-image\"><img decoding=\"async\" loading=\"lazy\" width=\"425\" height=\"284\" data-id=\"436\"  src=\"https:\/\/vgmedienpool.de\/wp-content\/uploads\/2014\/06\/Dampf_ab.jpg\" alt=\"\" class=\"wp-image-436\" srcset=\"https:\/\/vgmedienpool.de\/wp-content\/uploads\/2014\/06\/Dampf_ab.jpg 425w, https:\/\/vgmedienpool.de\/wp-content\/uploads\/2014\/06\/Dampf_ab-300x200.jpg 300w\" sizes=\"(max-width: 425px) 100vw, 425px\" \/><figcaption class=\"wp-element-caption\">Design &amp; Headline, 2016<\/figcaption><\/figure>\n\n\n\n<figure class=\"wp-block-image\"><img decoding=\"async\" loading=\"lazy\" width=\"850\" height=\"571\" data-id=\"454\"  src=\"https:\/\/vgmedienpool.de\/wp-content\/uploads\/2014\/06\/BILD_Chronik_2016.jpg\" alt=\"\" class=\"wp-image-454\" srcset=\"https:\/\/vgmedienpool.de\/wp-content\/uploads\/2014\/06\/BILD_Chronik_2016.jpg 850w, https:\/\/vgmedienpool.de\/wp-content\/uploads\/2014\/06\/BILD_Chronik_2016-300x201.jpg 300w\" sizes=\"(max-width: 850px) 100vw, 850px\" \/><figcaption class=\"wp-element-caption\">Design &amp; Text, 2016<\/figcaption><\/figure>\n\n\n\n<figure class=\"wp-block-image\"><img decoding=\"async\" loading=\"lazy\" width=\"768\" height=\"1024\" data-id=\"395\"  src=\"https:\/\/vgmedienpool.de\/wp-content\/uploads\/2014\/06\/2015_BL_Coverentwurf2-768x1024.png\" alt=\"\" class=\"wp-image-395\" srcset=\"https:\/\/vgmedienpool.de\/wp-content\/uploads\/2014\/06\/2015_BL_Coverentwurf2-768x1024.png 768w, https:\/\/vgmedienpool.de\/wp-content\/uploads\/2014\/06\/2015_BL_Coverentwurf2-225x300.png 225w, https:\/\/vgmedienpool.de\/wp-content\/uploads\/2014\/06\/2015_BL_Coverentwurf2.png 790w\" sizes=\"(max-width: 768px) 100vw, 768px\" \/><figcaption class=\"wp-element-caption\">Cover-Design, 2015<\/figcaption><\/figure>\n\n\n\n<figure class=\"wp-block-image\"><img decoding=\"async\" loading=\"lazy\" width=\"431\" height=\"606\" data-id=\"415\"  src=\"https:\/\/vgmedienpool.de\/wp-content\/uploads\/2014\/06\/BILDCover_JB20151.png\" alt=\"\" class=\"wp-image-415\" srcset=\"https:\/\/vgmedienpool.de\/wp-content\/uploads\/2014\/06\/BILDCover_JB20151.png 431w, https:\/\/vgmedienpool.de\/wp-content\/uploads\/2014\/06\/BILDCover_JB20151-213x300.png 213w\" sizes=\"(max-width: 431px) 100vw, 431px\" \/><figcaption class=\"wp-element-caption\">Design &amp; Text, 2015<\/figcaption><\/figure>\n\n\n\n<figure class=\"wp-block-image\"><img decoding=\"async\" loading=\"lazy\" width=\"595\" height=\"842\" data-id=\"61\"  src=\"https:\/\/vgmedienpool.de\/wp-content\/uploads\/2014\/06\/Liu-Jing-1.jpg\" alt=\"\" class=\"wp-image-61\" srcset=\"https:\/\/vgmedienpool.de\/wp-content\/uploads\/2014\/06\/Liu-Jing-1.jpg 595w, https:\/\/vgmedienpool.de\/wp-content\/uploads\/2014\/06\/Liu-Jing-1-211x300.jpg 211w\" sizes=\"(max-width: 595px) 100vw, 595px\" \/><figcaption class=\"wp-element-caption\">Text-\u00dcbersetzung, 2014<\/figcaption><\/figure>\n\n\n\n<figure class=\"wp-block-image\"><img decoding=\"async\" loading=\"lazy\" width=\"413\" height=\"580\" data-id=\"500\"  src=\"https:\/\/vgmedienpool.de\/wp-content\/uploads\/2014\/08\/DTondemand.jpg\" alt=\"\" class=\"wp-image-500\" srcset=\"https:\/\/vgmedienpool.de\/wp-content\/uploads\/2014\/08\/DTondemand.jpg 413w, https:\/\/vgmedienpool.de\/wp-content\/uploads\/2014\/08\/DTondemand-213x300.jpg 213w\" sizes=\"(max-width: 413px) 100vw, 413px\" \/><figcaption class=\"wp-element-caption\">Magazin, 2014, Hrsg.: Vivian<\/figcaption><\/figure>\n\n\n\n<figure class=\"wp-block-image\"><img decoding=\"async\" loading=\"lazy\" width=\"194\" height=\"259\" data-id=\"364\"  src=\"https:\/\/vgmedienpool.de\/wp-content\/uploads\/2014\/06\/chronik2014.jpg\" alt=\"\" class=\"wp-image-364\"\/><figcaption class=\"wp-element-caption\">Design &amp; Text, 2014<\/figcaption><\/figure>\n\n\n\n<figure class=\"wp-block-image\"><img decoding=\"async\" loading=\"lazy\" width=\"142\" height=\"181\" data-id=\"60\"  src=\"https:\/\/vgmedienpool.de\/wp-content\/uploads\/2014\/06\/DieMauer.jpg\" alt=\"\" class=\"wp-image-60\"\/><figcaption class=\"wp-element-caption\">Design &amp; Redigatur, 2014<\/figcaption><\/figure>\n\n\n\n<figure class=\"wp-block-image\"><img decoding=\"async\" loading=\"lazy\" width=\"775\" height=\"1024\" data-id=\"59\"  src=\"https:\/\/vgmedienpool.de\/wp-content\/uploads\/2014\/06\/Chronik2013-775x1024.jpg\" alt=\"\" class=\"wp-image-59\" srcset=\"https:\/\/vgmedienpool.de\/wp-content\/uploads\/2014\/06\/Chronik2013-775x1024.jpg 775w, https:\/\/vgmedienpool.de\/wp-content\/uploads\/2014\/06\/Chronik2013-227x300.jpg 227w, https:\/\/vgmedienpool.de\/wp-content\/uploads\/2014\/06\/Chronik2013.jpg 938w\" sizes=\"(max-width: 775px) 100vw, 775px\" \/><figcaption class=\"wp-element-caption\">Design &amp; Text, 2013<\/figcaption><\/figure>\n\n\n\n<figure class=\"wp-block-image\"><img decoding=\"async\" loading=\"lazy\" width=\"142\" height=\"187\" data-id=\"58\"  src=\"https:\/\/vgmedienpool.de\/wp-content\/uploads\/2014\/06\/Chronik2012.jpg\" alt=\"\" class=\"wp-image-58\"\/><figcaption class=\"wp-element-caption\">Design &amp; Text, 2012<\/figcaption><\/figure>\n\n\n\n<figure class=\"wp-block-image\"><img decoding=\"async\" loading=\"lazy\" width=\"739\" height=\"1024\" data-id=\"57\"  src=\"https:\/\/vgmedienpool.de\/wp-content\/uploads\/2014\/06\/Chronik2011-739x1024.jpg\" alt=\"\" class=\"wp-image-57\" srcset=\"https:\/\/vgmedienpool.de\/wp-content\/uploads\/2014\/06\/Chronik2011-739x1024.jpg 739w, https:\/\/vgmedienpool.de\/wp-content\/uploads\/2014\/06\/Chronik2011-216x300.jpg 216w, https:\/\/vgmedienpool.de\/wp-content\/uploads\/2014\/06\/Chronik2011.jpg 779w\" sizes=\"(max-width: 739px) 100vw, 739px\" \/><figcaption class=\"wp-element-caption\">Design &amp; Text, 2011<\/figcaption><\/figure>\n\n\n\n<figure class=\"wp-block-image\"><img decoding=\"async\" loading=\"lazy\" width=\"1024\" height=\"709\" data-id=\"276\"  src=\"https:\/\/vgmedienpool.de\/wp-content\/uploads\/2014\/06\/Chin_Deli2010-1024x709.png\" alt=\"\" class=\"wp-image-276\" srcset=\"https:\/\/vgmedienpool.de\/wp-content\/uploads\/2014\/06\/Chin_Deli2010-1024x709.png 1024w, https:\/\/vgmedienpool.de\/wp-content\/uploads\/2014\/06\/Chin_Deli2010-300x207.png 300w, https:\/\/vgmedienpool.de\/wp-content\/uploads\/2014\/06\/Chin_Deli2010.png 1191w\" sizes=\"(max-width: 1024px) 100vw, 1024px\" \/><figcaption class=\"wp-element-caption\">Autorin: Vivian, 2010<\/figcaption><\/figure>\n\n\n\n<figure class=\"wp-block-image\"><img decoding=\"async\" loading=\"lazy\" width=\"739\" height=\"1024\" data-id=\"56\"  src=\"https:\/\/vgmedienpool.de\/wp-content\/uploads\/2014\/06\/Chronik2010-739x1024.jpg\" alt=\"\" class=\"wp-image-56\" srcset=\"https:\/\/vgmedienpool.de\/wp-content\/uploads\/2014\/06\/Chronik2010-739x1024.jpg 739w, https:\/\/vgmedienpool.de\/wp-content\/uploads\/2014\/06\/Chronik2010-216x300.jpg 216w, https:\/\/vgmedienpool.de\/wp-content\/uploads\/2014\/06\/Chronik2010.jpg 779w\" sizes=\"(max-width: 739px) 100vw, 739px\" \/><figcaption class=\"wp-element-caption\">Design &amp; Text, 2010<\/figcaption><\/figure>\n\n\n\n<figure class=\"wp-block-image\"><img decoding=\"async\" loading=\"lazy\" width=\"660\" height=\"913\" data-id=\"55\"  src=\"https:\/\/vgmedienpool.de\/wp-content\/uploads\/2014\/06\/Chronik2009.jpg\" alt=\"\" class=\"wp-image-55\" srcset=\"https:\/\/vgmedienpool.de\/wp-content\/uploads\/2014\/06\/Chronik2009.jpg 660w, https:\/\/vgmedienpool.de\/wp-content\/uploads\/2014\/06\/Chronik2009-216x300.jpg 216w\" sizes=\"(max-width: 660px) 100vw, 660px\" \/><figcaption class=\"wp-element-caption\">Design &amp; Text, 2009<\/figcaption><\/figure>\n\n\n\n<figure class=\"wp-block-image\"><img decoding=\"async\" loading=\"lazy\" width=\"595\" height=\"841\" data-id=\"52\"  src=\"https:\/\/vgmedienpool.de\/wp-content\/uploads\/2014\/06\/\u0095-fairway1.jpg\" alt=\"\" class=\"wp-image-52\" srcset=\"https:\/\/vgmedienpool.de\/wp-content\/uploads\/2014\/06\/\u0095-fairway1.jpg 595w, https:\/\/vgmedienpool.de\/wp-content\/uploads\/2014\/06\/\u0095-fairway1-212x300.jpg 212w\" sizes=\"(max-width: 595px) 100vw, 595px\" \/><figcaption class=\"wp-element-caption\">Magazin, 2009, Hrsg.: Vivian<\/figcaption><\/figure>\n\n\n\n<figure class=\"wp-block-image\"><img decoding=\"async\" loading=\"lazy\" width=\"595\" height=\"841\" data-id=\"53\"  src=\"https:\/\/vgmedienpool.de\/wp-content\/uploads\/2014\/06\/\u0095-fairway2.jpg\" alt=\"\" class=\"wp-image-53\" srcset=\"https:\/\/vgmedienpool.de\/wp-content\/uploads\/2014\/06\/\u0095-fairway2.jpg 595w, https:\/\/vgmedienpool.de\/wp-content\/uploads\/2014\/06\/\u0095-fairway2-212x300.jpg 212w\" sizes=\"(max-width: 595px) 100vw, 595px\" \/><figcaption class=\"wp-element-caption\">Magazin, 2008, Hrsg.: Vivian<\/figcaption><\/figure>\n\n\n\n<figure class=\"wp-block-image\"><img decoding=\"async\" loading=\"lazy\" width=\"626\" height=\"848\" data-id=\"51\"  src=\"https:\/\/vgmedienpool.de\/wp-content\/uploads\/2014\/06\/\u0095-downtown.jpg\" alt=\"\" class=\"wp-image-51\" srcset=\"https:\/\/vgmedienpool.de\/wp-content\/uploads\/2014\/06\/\u0095-downtown.jpg 626w, https:\/\/vgmedienpool.de\/wp-content\/uploads\/2014\/06\/\u0095-downtown-221x300.jpg 221w\" sizes=\"(max-width: 626px) 100vw, 626px\" \/><figcaption class=\"wp-element-caption\">Magazin, 2003, Hrsg.: Vivian<\/figcaption><\/figure>\n<\/figure>\n","protected":false},"excerpt":{"rendered":"<p>B\u00fccher | MagazineTexte | Designbooks | magazinescontent | design Aufgrund von strengen Urheberrechts-Gesetzen und dem Bestreben einiger Juristen, Arbeitsbeispiele mit Unterlassungserkl\u00e4rungen und Strafen zu ahnden, sehe ich mich gehalten, hier nur einen minimalen Ausschnitt aus vielen Jahren als Autorin, Redakteurin und Print-Designerin zeigen zu k\u00f6nnen. Arbeiten \u00fcber 2020 hinaus sind nicht mehr ver\u00f6ffentlicht. Vielen Dank [&hellip;]<\/p>\n","protected":false},"author":1,"featured_media":0,"parent":0,"menu_order":0,"comment_status":"closed","ping_status":"closed","template":"","meta":[],"_links":{"self":[{"href":"https:\/\/vgmedienpool.de\/index.php?rest_route=\/wp\/v2\/pages\/23"}],"collection":[{"href":"https:\/\/vgmedienpool.de\/index.php?rest_route=\/wp\/v2\/pages"}],"about":[{"href":"https:\/\/vgmedienpool.de\/index.php?rest_route=\/wp\/v2\/types\/page"}],"author":[{"embeddable":true,"href":"https:\/\/vgmedienpool.de\/index.php?rest_route=\/wp\/v2\/users\/1"}],"replies":[{"embeddable":true,"href":"https:\/\/vgmedienpool.de\/index.php?rest_route=%2Fwp%2Fv2%2Fcomments&post=23"}],"version-history":[{"count":168,"href":"https:\/\/vgmedienpool.de\/index.php?rest_route=\/wp\/v2\/pages\/23\/revisions"}],"predecessor-version":[{"id":1364,"href":"https:\/\/vgmedienpool.de\/index.php?rest_route=\/wp\/v2\/pages\/23\/revisions\/1364"}],"wp:attachment":[{"href":"https:\/\/vgmedienpool.de\/index.php?rest_route=%2Fwp%2Fv2%2Fmedia&parent=23"}],"curies":[{"name":"wp","href":"https:\/\/api.w.org\/{rel}","templated":true}]}}